{"id":12,"date":"2021-04-11T10:56:58","date_gmt":"2021-04-11T13:56:58","guid":{"rendered":"http:\/\/atbl1.hospedagemdesites.ws\/?page_id=12"},"modified":"2025-05-14T18:38:33","modified_gmt":"2025-05-14T21:38:33","slug":"servicos","status":"publish","type":"page","link":"https:\/\/www.atbl.com.br\/site\/servicos\/","title":{"rendered":"Servi\u00e7os"},"content":{"rendered":"<p>[et_pb_section fb_built=&#8221;1&#8243; custom_padding_last_edited=&#8221;on|phone&#8221; next_background_color=&#8221;#ffffff&#8221; _builder_version=&#8221;4.16&#8243; _module_preset=&#8221;default&#8221; background_color_gradient_direction=&#8221;90deg&#8221; background_color_gradient_start=&#8221;#ffffff&#8221; background_color_gradient_end=&#8221;rgba(255,255,255,0)&#8221; background_image=&#8221;https:\/\/www.atbl.com.br\/site\/wp-content\/uploads\/2021\/04\/topo-servicos.jpg&#8221; custom_margin=&#8221;-130px||||false|false&#8221; custom_padding=&#8221;250px||200px||false|false&#8221; custom_padding_tablet=&#8221;250px||111px||false|false&#8221; custom_padding_phone=&#8221;150px||39px||false|false&#8221; bottom_divider_style=&#8221;waves2&#8243; bottom_divider_style_tablet=&#8221;&#8221; bottom_divider_style_phone=&#8221;&#8221; bottom_divider_style_last_edited=&#8221;on|desktop&#8221; bottom_divider_height_tablet=&#8221;100px&#8221; bottom_divider_height_phone=&#8221;50px&#8221; bottom_divider_height_last_edited=&#8221;on|phone&#8221; bottom_divider_repeat_tablet=&#8221;&#8221; bottom_divider_repeat_phone=&#8221;&#8221; bottom_divider_repeat_last_edited=&#8221;on|phone&#8221; background_last_edited=&#8221;on|phone&#8221; use_background_color_gradient_tablet=&#8221;off&#8221; use_background_color_gradient_phone=&#8221;on&#8221; background_color_gradient_stops_phone=&#8221;#ffffff 0%|rgba(255,255,255,0) 100%&#8221; background_color_gradient_end_phone=&#8221;rgba(255,255,255,0)&#8221; background_position_tablet=&#8221;center&#8221; background_position_phone=&#8221;center&#8221; background_blend_phone=&#8221;overlay&#8221; global_colors_info=&#8221;{}&#8221; custom_css_main_element_last_edited=&#8221;on|phone&#8221;][et_pb_row column_structure=&#8221;1_2,1_2&#8243; _builder_version=&#8221;4.16&#8243; _module_preset=&#8221;default&#8221; global_colors_info=&#8221;{}&#8221;][et_pb_column type=&#8221;1_2&#8243; _builder_version=&#8221;4.16&#8243; _module_preset=&#8221;default&#8221; global_colors_info=&#8221;{}&#8221;][et_pb_text _builder_version=&#8221;4.16&#8243; _module_preset=&#8221;default&#8221; text_font=&#8221;|700|||||||&#8221; text_text_color=&#8221;#22215a&#8221; text_font_size=&#8221;30px&#8221; text_line_height=&#8221;1.1em&#8221; text_text_shadow_style=&#8221;preset1&#8243; text_text_shadow_color=&#8221;#FFFFFF&#8221; global_colors_info=&#8221;{}&#8221;]<\/p>\n<p>Conhe\u00e7a nossos<\/p>\n<p>[\/et_pb_text][et_pb_text _builder_version=&#8221;4.16&#8243; _module_preset=&#8221;default&#8221; text_font=&#8221;|700|||||||&#8221; text_text_color=&#8221;#01afec&#8221; text_font_size=&#8221;70px&#8221; text_line_height=&#8221;0.8em&#8221; text_font_size_tablet=&#8221;&#8221; text_font_size_phone=&#8221;51px&#8221; text_font_size_last_edited=&#8221;on|phone&#8221; text_text_shadow_style=&#8221;preset1&#8243; text_text_shadow_color=&#8221;#FFFFFF&#8221; global_colors_info=&#8221;{}&#8221;]<\/p>\n<p>SERVI\u00c7OS<\/p>\n<p>[\/et_pb_text][\/et_pb_column][et_pb_column type=&#8221;1_2&#8243; _builder_version=&#8221;4.16&#8243; _module_preset=&#8221;default&#8221; global_colors_info=&#8221;{}&#8221;][et_pb_divider show_divider=&#8221;off&#8221; _builder_version=&#8221;4.16&#8243; _module_preset=&#8221;default&#8221; custom_margin=&#8221;||0px||false|false&#8221; custom_padding=&#8221;||0px||false|false&#8221; global_colors_info=&#8221;{}&#8221;][\/et_pb_divider][\/et_pb_column][\/et_pb_row][\/et_pb_section][et_pb_section fb_built=&#8221;1&#8243; _builder_version=&#8221;4.16&#8243; _module_preset=&#8221;default&#8221; custom_padding=&#8221;0px||30px||false|false&#8221; custom_css_main_element=&#8221;clear: right;&#8221; global_colors_info=&#8221;{}&#8221;][et_pb_row column_structure=&#8221;1_2,1_2&#8243; use_custom_gutter=&#8221;on&#8221; gutter_width=&#8221;2&#8243; custom_padding_last_edited=&#8221;on|tablet&#8221; _builder_version=&#8221;4.16&#8243; _module_preset=&#8221;default&#8221; custom_margin_tablet=&#8221;||-30px||false|false&#8221; custom_margin_phone=&#8221;&#8221; custom_margin_last_edited=&#8221;on|tablet&#8221; custom_padding=&#8221;0px||||false|false&#8221; custom_padding_tablet=&#8221;0px||0px||false|false&#8221; custom_padding_phone=&#8221;&#8221; global_colors_info=&#8221;{}&#8221;][et_pb_column type=&#8221;1_2&#8243; _builder_version=&#8221;4.16&#8243; _module_preset=&#8221;default&#8221; global_colors_info=&#8221;{}&#8221;][et_pb_blurb title=&#8221;Profissionalismo&#8221; use_icon=&#8221;on&#8221; font_icon=&#8221;&#x5e;||divi||400&#8243; icon_color=&#8221;#01afec&#8221; icon_placement=&#8221;left&#8221; image_icon_width=&#8221;14px&#8221; content_max_width=&#8221;100%&#8221; _builder_version=&#8221;4.16&#8243; _module_preset=&#8221;default&#8221; header_font=&#8221;|||on|||||&#8221; header_text_color=&#8221;rgba(0,0,0,0.5)&#8221; header_font_size=&#8221;14px&#8221; header_letter_spacing=&#8221;0.6px&#8221; custom_margin=&#8221;||10px||false|false&#8221; custom_css_blurb_title=&#8221;margin-left: -25px;&#8221; icon_font_size=&#8221;14px&#8221; global_colors_info=&#8221;{}&#8221;][\/et_pb_blurb][et_pb_text _builder_version=&#8221;4.16&#8243; _module_preset=&#8221;default&#8221; text_font=&#8221;|700|||||||&#8221; text_text_color=&#8221;#22215a&#8221; text_font_size=&#8221;21px&#8221; text_line_height=&#8221;1.3em&#8221; custom_margin=&#8221;||||false|false&#8221; global_colors_info=&#8221;{}&#8221;]<\/p>\n<div class=\"elementor-element elementor-element-19288d60 elementor-widget elementor-widget-heading is-mac\" data-id=\"19288d60\" data-element_type=\"widget\" data-widget_type=\"heading.default\">\n<div class=\"elementor-widget-container\">\n<div class=\"elementor-heading-title elementor-size-default\">Experi\u00eancia<\/div>\n<\/div>\n<\/div>\n<div class=\"elementor-element elementor-element-5d529273 elementor-widget elementor-widget-divider is-mac\" data-id=\"5d529273\" data-element_type=\"widget\" data-widget_type=\"divider.default\">\n<div class=\"elementor-widget-container\">\n<div class=\"elementor-divider\"><\/div>\n<\/div>\n<\/div>\n<div class=\"elementor-element elementor-element-d922b44 elementor-widget elementor-widget-heading is-mac animated fadeIn\" data-id=\"d922b44\" data-element_type=\"widget\" data-settings=\"{&quot;_animation&quot;:&quot;fadeIn&quot;,&quot;_animation_delay&quot;:400}\" data-widget_type=\"heading.default\">\n<div class=\"elementor-widget-container\"><\/div>\n<\/div>\n<p>[\/et_pb_text][et_pb_text _builder_version=&#8221;4.22.1&#8243; _module_preset=&#8221;default&#8221; text_font=&#8221;|300|||||||&#8221; global_colors_info=&#8221;{}&#8221;]<\/p>\n<p>Com d\u00e9cadas de experi\u00eancia, nossa equipe pode aconselhar empresas de qualquer escala! A hist\u00f3ria da nossa empresa come\u00e7a h\u00e1 70 anos e at\u00e9 agora, ajudamos centenas de empresas a tomar as decis\u00f5es corretas na escolha de servi\u00e7os e produtos para sua necessidade.<\/p>\n<p>[\/et_pb_text][\/et_pb_column][et_pb_column type=&#8221;1_2&#8243; _builder_version=&#8221;4.16&#8243; _module_preset=&#8221;default&#8221; global_colors_info=&#8221;{}&#8221;][\/et_pb_column][\/et_pb_row][et_pb_row column_structure=&#8221;1_2,1_2&#8243; use_custom_gutter=&#8221;on&#8221; gutter_width=&#8221;2&#8243; custom_padding_last_edited=&#8221;on|tablet&#8221; _builder_version=&#8221;4.16&#8243; _module_preset=&#8221;default&#8221; custom_margin_tablet=&#8221;||-30px||false|false&#8221; custom_margin_phone=&#8221;&#8221; custom_margin_last_edited=&#8221;on|tablet&#8221; custom_padding=&#8221;||0px||false|false&#8221; custom_padding_tablet=&#8221;||0px||false|false&#8221; custom_padding_phone=&#8221;&#8221; global_colors_info=&#8221;{}&#8221;][et_pb_column type=&#8221;1_2&#8243; _builder_version=&#8221;4.16&#8243; _module_preset=&#8221;default&#8221; global_colors_info=&#8221;{}&#8221;][et_pb_blurb title=&#8221;Outros Servi\u00e7os&#8221; use_icon=&#8221;on&#8221; font_icon=&#8221;&#x5e;||divi||400&#8243; icon_color=&#8221;#01afec&#8221; icon_placement=&#8221;left&#8221; image_icon_width=&#8221;14px&#8221; content_max_width=&#8221;100%&#8221; _builder_version=&#8221;4.16&#8243; _module_preset=&#8221;default&#8221; header_font=&#8221;|||on|||||&#8221; header_text_color=&#8221;rgba(0,0,0,0.5)&#8221; header_font_size=&#8221;14px&#8221; header_letter_spacing=&#8221;0.6px&#8221; custom_margin=&#8221;||10px||false|false&#8221; custom_css_blurb_title=&#8221;margin-left: -25px;&#8221; icon_font_size=&#8221;14px&#8221; global_colors_info=&#8221;{}&#8221;][\/et_pb_blurb][et_pb_text _builder_version=&#8221;4.16&#8243; _module_preset=&#8221;default&#8221; text_font=&#8221;|700|||||||&#8221; text_text_color=&#8221;#22215a&#8221; text_font_size=&#8221;21px&#8221; text_line_height=&#8221;1.3em&#8221; custom_margin=&#8221;||||false|false&#8221; global_colors_info=&#8221;{}&#8221;]<\/p>\n<div class=\"elementor-element elementor-element-19288d60 elementor-widget elementor-widget-heading is-mac\" data-id=\"19288d60\" data-element_type=\"widget\" data-widget_type=\"heading.default\">\n<div class=\"elementor-widget-container\">\n<div class=\"elementor-heading-title elementor-size-default\">Servi\u00e7os Exclusivos<\/div>\n<\/div>\n<\/div>\n<div class=\"elementor-element elementor-element-5d529273 elementor-widget elementor-widget-divider is-mac\" data-id=\"5d529273\" data-element_type=\"widget\" data-widget_type=\"divider.default\">\n<div class=\"elementor-widget-container\">\n<div class=\"elementor-divider\"><\/div>\n<\/div>\n<\/div>\n<div class=\"elementor-element elementor-element-d922b44 elementor-widget elementor-widget-heading is-mac animated fadeIn\" data-id=\"d922b44\" data-element_type=\"widget\" data-settings=\"{&quot;_animation&quot;:&quot;fadeIn&quot;,&quot;_animation_delay&quot;:400}\" data-widget_type=\"heading.default\">\n<div class=\"elementor-widget-container\"><\/div>\n<\/div>\n<p>[\/et_pb_text][\/et_pb_column][et_pb_column type=&#8221;1_2&#8243; _builder_version=&#8221;4.16&#8243; _module_preset=&#8221;default&#8221; custom_padding=&#8221;||||false|false&#8221; global_colors_info=&#8221;{}&#8221;][\/et_pb_column][\/et_pb_row][et_pb_row column_structure=&#8221;1_2,1_2&#8243; use_custom_gutter=&#8221;on&#8221; gutter_width=&#8221;2&#8243; make_equal=&#8221;on&#8221; custom_padding_last_edited=&#8221;on|tablet&#8221; _builder_version=&#8221;4.16&#8243; _module_preset=&#8221;default&#8221; custom_margin_tablet=&#8221;-30px||||false|false&#8221; custom_margin_phone=&#8221;&#8221; custom_margin_last_edited=&#8221;on|tablet&#8221; custom_padding_tablet=&#8221;0px||||false|false&#8221; custom_padding_phone=&#8221;&#8221; global_colors_info=&#8221;{}&#8221;][et_pb_column type=&#8221;1_2&#8243; _builder_version=&#8221;4.16&#8243; _module_preset=&#8221;default&#8221; background_color=&#8221;#22215a&#8221; custom_padding=&#8221;30px|30px|30px|30px|false|false&#8221; global_colors_info=&#8221;{}&#8221;][et_pb_text _builder_version=&#8221;4.22.2&#8243; _module_preset=&#8221;default&#8221; text_text_color=&#8221;#FFFFFF&#8221; header_4_font=&#8221;|700|||||||&#8221; header_4_text_color=&#8221;#01afec&#8221; header_4_line_height=&#8221;1.1em&#8221; global_colors_info=&#8221;{}&#8221;]<\/p>\n<h4>SERVI\u00c7O DE MONTAGEM E TESTE DE MANGUEIRAS<\/h4>\n<p>Servi\u00e7o de montagem e teste de mangueiras hidr\u00e1ulica (baixa, m\u00e9dia, alta e super alta press\u00e3o) e mangueiras Offshore de carga.<\/p>\n<p>Empresa com o Sistema de Gest\u00e3o certificado<strong> ISO 9001\/2015<\/strong> pela ABNT &#8211; Associa\u00e7\u00e3o Brasileira de Normas T\u00e9cnicas, N\u00b0 23.056\/08. <a href=\"https:\/\/www.atbl.com.br\/site\/wp-content\/uploads\/2023\/09\/23.056_08-Certificado-17_11_26-ATBL-ISO.pdf\" target=\"_blank\" rel=\"noopener\"><strong>Clique AQUI para visualizar o certificado.<\/strong><\/a><\/p>\n<p>[\/et_pb_text][\/et_pb_column][et_pb_column type=&#8221;1_2&#8243; _builder_version=&#8221;4.16&#8243; _module_preset=&#8221;default&#8221; background_color=&#8221;#22215a&#8221; custom_padding=&#8221;30px|30px|30px|30px|false|false&#8221; global_colors_info=&#8221;{}&#8221;][et_pb_text _builder_version=&#8221;4.17.6&#8243; _module_preset=&#8221;default&#8221; text_text_color=&#8221;#FFFFFF&#8221; header_4_font=&#8221;|700|||||||&#8221; header_4_text_color=&#8221;#01afec&#8221; header_4_line_height=&#8221;1.1em&#8221; global_colors_info=&#8221;{}&#8221;]<\/p>\n<h4>MANUTEN\u00c7\u00c3O, RETESTE E RECERTIFICA\u00c7\u00c3O<\/h4>\n<p>Servi\u00e7o autorizado para manuten\u00e7\u00e3o e reteste e recertifica\u00e7\u00e3o de engates Dry Break da TODO e de engates de seguran\u00e7a tipo Breakaway.<\/p>\n<p><strong><a href=\"https:\/\/www.atbl.com.br\/site\/wp-content\/uploads\/2022\/07\/ATBL-Service-Centre-Cert.pdf\" target=\"_blank\" rel=\"noopener\">Clique AQUI e confira nossa certifica\u00e7\u00e3o.<\/a><\/strong><\/p>\n<p>[\/et_pb_text][\/et_pb_column][\/et_pb_row][\/et_pb_section]<\/p>\n","protected":false},"excerpt":{"rendered":"<p>Com d\u00e9cadas de experi\u00eancia, nossa equipe pode aconselhar empresas de qualquer escala! A hist\u00f3ria da nossa empresa come\u00e7a h\u00e1 60 anos e at\u00e9 agora, ajudamos centenas de empresas a tomar as decis\u00f5es corretas na escolha de servi\u00e7os e produtos para sua necessidade.<\/p>\n","protected":false},"author":2,"featured_media":603,"parent":0,"menu_order":0,"comment_status":"closed","ping_status":"closed","template":"","meta":{"_et_pb_use_builder":"on","_et_pb_old_content":"","_et_gb_content_width":"","inline_featured_image":false,"footnotes":""},"class_list":["post-12","page","type-page","status-publish","has-post-thumbnail","hentry"],"yoast_head":"<!-- This site is optimized with the Yoast SEO plugin v25.0 - https:\/\/yoast.com\/wordpress\/plugins\/seo\/ -->\n<title>Servi\u00e7os - ATBL<\/title>\n<meta name=\"robots\" content=\"index, follow, max-snippet:-1, max-image-preview:large, max-video-preview:-1\" \/>\n<link rel=\"canonical\" href=\"https:\/\/www.atbl.com.br\/site\/servicos\/\" \/>\n<meta property=\"og:locale\" content=\"pt_BR\" \/>\n<meta property=\"og:type\" content=\"article\" \/>\n<meta property=\"og:title\" content=\"Servi\u00e7os - ATBL\" \/>\n<meta property=\"og:description\" content=\"Com d\u00e9cadas de experi\u00eancia, nossa equipe pode aconselhar empresas de qualquer escala! A hist\u00f3ria da nossa empresa come\u00e7a h\u00e1 60 anos e at\u00e9 agora, ajudamos centenas de empresas a tomar as decis\u00f5es corretas na escolha de servi\u00e7os e produtos para sua necessidade.\" \/>\n<meta property=\"og:url\" content=\"https:\/\/www.atbl.com.br\/site\/servicos\/\" \/>\n<meta property=\"og:site_name\" content=\"ATBL\" \/>\n<meta property=\"article:publisher\" content=\"https:\/\/www.facebook.com\/grupoatbl\/\" \/>\n<meta property=\"article:modified_time\" content=\"2025-05-14T21:38:33+00:00\" \/>\n<meta property=\"og:image\" content=\"https:\/\/www.atbl.com.br\/site\/wp-content\/uploads\/2021\/04\/topo-servicos.jpg\" \/>\n\t<meta property=\"og:image:width\" content=\"1539\" \/>\n\t<meta property=\"og:image:height\" content=\"696\" \/>\n\t<meta property=\"og:image:type\" content=\"image\/jpeg\" \/>\n<meta name=\"twitter:card\" content=\"summary_large_image\" \/>\n<meta name=\"twitter:label1\" content=\"Est. tempo de leitura\" \/>\n\t<meta name=\"twitter:data1\" content=\"5 minutos\" \/>\n<script type=\"application\/ld+json\" class=\"yoast-schema-graph\">{\"@context\":\"https:\/\/schema.org\",\"@graph\":[{\"@type\":\"WebPage\",\"@id\":\"https:\/\/www.atbl.com.br\/site\/servicos\/\",\"url\":\"https:\/\/www.atbl.com.br\/site\/servicos\/\",\"name\":\"Servi\u00e7os - ATBL\",\"isPartOf\":{\"@id\":\"https:\/\/www.atbl.com.br\/site\/#website\"},\"primaryImageOfPage\":{\"@id\":\"https:\/\/www.atbl.com.br\/site\/servicos\/#primaryimage\"},\"image\":{\"@id\":\"https:\/\/www.atbl.com.br\/site\/servicos\/#primaryimage\"},\"thumbnailUrl\":\"https:\/\/www.atbl.com.br\/site\/wp-content\/uploads\/2021\/04\/topo-servicos.jpg\",\"datePublished\":\"2021-04-11T13:56:58+00:00\",\"dateModified\":\"2025-05-14T21:38:33+00:00\",\"breadcrumb\":{\"@id\":\"https:\/\/www.atbl.com.br\/site\/servicos\/#breadcrumb\"},\"inLanguage\":\"pt-BR\",\"potentialAction\":[{\"@type\":\"ReadAction\",\"target\":[\"https:\/\/www.atbl.com.br\/site\/servicos\/\"]}]},{\"@type\":\"ImageObject\",\"inLanguage\":\"pt-BR\",\"@id\":\"https:\/\/www.atbl.com.br\/site\/servicos\/#primaryimage\",\"url\":\"https:\/\/www.atbl.com.br\/site\/wp-content\/uploads\/2021\/04\/topo-servicos.jpg\",\"contentUrl\":\"https:\/\/www.atbl.com.br\/site\/wp-content\/uploads\/2021\/04\/topo-servicos.jpg\",\"width\":1539,\"height\":696},{\"@type\":\"BreadcrumbList\",\"@id\":\"https:\/\/www.atbl.com.br\/site\/servicos\/#breadcrumb\",\"itemListElement\":[{\"@type\":\"ListItem\",\"position\":1,\"name\":\"In\u00edcio\",\"item\":\"https:\/\/www.atbl.com.br\/site\/\"},{\"@type\":\"ListItem\",\"position\":2,\"name\":\"Servi\u00e7os\"}]},{\"@type\":\"WebSite\",\"@id\":\"https:\/\/www.atbl.com.br\/site\/#website\",\"url\":\"https:\/\/www.atbl.com.br\/site\/\",\"name\":\"ATBL\",\"description\":\"Artefatos T\u00e9cnicos de Borracha\",\"publisher\":{\"@id\":\"https:\/\/www.atbl.com.br\/site\/#organization\"},\"potentialAction\":[{\"@type\":\"SearchAction\",\"target\":{\"@type\":\"EntryPoint\",\"urlTemplate\":\"https:\/\/www.atbl.com.br\/site\/?s={search_term_string}\"},\"query-input\":{\"@type\":\"PropertyValueSpecification\",\"valueRequired\":true,\"valueName\":\"search_term_string\"}}],\"inLanguage\":\"pt-BR\"},{\"@type\":\"Organization\",\"@id\":\"https:\/\/www.atbl.com.br\/site\/#organization\",\"name\":\"ATBL\",\"url\":\"https:\/\/www.atbl.com.br\/site\/\",\"logo\":{\"@type\":\"ImageObject\",\"inLanguage\":\"pt-BR\",\"@id\":\"https:\/\/www.atbl.com.br\/site\/#\/schema\/logo\/image\/\",\"url\":\"https:\/\/atbl.com.br\/wp-content\/uploads\/2021\/04\/logo-atbl-1.svg\",\"contentUrl\":\"https:\/\/atbl.com.br\/wp-content\/uploads\/2021\/04\/logo-atbl-1.svg\",\"width\":\"1024\",\"height\":\"1024\",\"caption\":\"ATBL\"},\"image\":{\"@id\":\"https:\/\/www.atbl.com.br\/site\/#\/schema\/logo\/image\/\"},\"sameAs\":[\"https:\/\/www.facebook.com\/grupoatbl\/\",\"https:\/\/www.instagram.com\/grupoatbl\/\",\"https:\/\/linkedin.com\/company\/grupoatbl\",\"https:\/\/www.youtube.com\/channel\/UC3g2rlxB1DQPl0SzXc6N-fQ\"]}]}<\/script>\n<!-- \/ Yoast SEO plugin. -->","yoast_head_json":{"title":"Servi\u00e7os - ATBL","robots":{"index":"index","follow":"follow","max-snippet":"max-snippet:-1","max-image-preview":"max-image-preview:large","max-video-preview":"max-video-preview:-1"},"canonical":"https:\/\/www.atbl.com.br\/site\/servicos\/","og_locale":"pt_BR","og_type":"article","og_title":"Servi\u00e7os - ATBL","og_description":"Com d\u00e9cadas de experi\u00eancia, nossa equipe pode aconselhar empresas de qualquer escala! A hist\u00f3ria da nossa empresa come\u00e7a h\u00e1 60 anos e at\u00e9 agora, ajudamos centenas de empresas a tomar as decis\u00f5es corretas na escolha de servi\u00e7os e produtos para sua necessidade.","og_url":"https:\/\/www.atbl.com.br\/site\/servicos\/","og_site_name":"ATBL","article_publisher":"https:\/\/www.facebook.com\/grupoatbl\/","article_modified_time":"2025-05-14T21:38:33+00:00","og_image":[{"width":1539,"height":696,"url":"https:\/\/www.atbl.com.br\/site\/wp-content\/uploads\/2021\/04\/topo-servicos.jpg","type":"image\/jpeg"}],"twitter_card":"summary_large_image","twitter_misc":{"Est. tempo de leitura":"5 minutos"},"schema":{"@context":"https:\/\/schema.org","@graph":[{"@type":"WebPage","@id":"https:\/\/www.atbl.com.br\/site\/servicos\/","url":"https:\/\/www.atbl.com.br\/site\/servicos\/","name":"Servi\u00e7os - ATBL","isPartOf":{"@id":"https:\/\/www.atbl.com.br\/site\/#website"},"primaryImageOfPage":{"@id":"https:\/\/www.atbl.com.br\/site\/servicos\/#primaryimage"},"image":{"@id":"https:\/\/www.atbl.com.br\/site\/servicos\/#primaryimage"},"thumbnailUrl":"https:\/\/www.atbl.com.br\/site\/wp-content\/uploads\/2021\/04\/topo-servicos.jpg","datePublished":"2021-04-11T13:56:58+00:00","dateModified":"2025-05-14T21:38:33+00:00","breadcrumb":{"@id":"https:\/\/www.atbl.com.br\/site\/servicos\/#breadcrumb"},"inLanguage":"pt-BR","potentialAction":[{"@type":"ReadAction","target":["https:\/\/www.atbl.com.br\/site\/servicos\/"]}]},{"@type":"ImageObject","inLanguage":"pt-BR","@id":"https:\/\/www.atbl.com.br\/site\/servicos\/#primaryimage","url":"https:\/\/www.atbl.com.br\/site\/wp-content\/uploads\/2021\/04\/topo-servicos.jpg","contentUrl":"https:\/\/www.atbl.com.br\/site\/wp-content\/uploads\/2021\/04\/topo-servicos.jpg","width":1539,"height":696},{"@type":"BreadcrumbList","@id":"https:\/\/www.atbl.com.br\/site\/servicos\/#breadcrumb","itemListElement":[{"@type":"ListItem","position":1,"name":"In\u00edcio","item":"https:\/\/www.atbl.com.br\/site\/"},{"@type":"ListItem","position":2,"name":"Servi\u00e7os"}]},{"@type":"WebSite","@id":"https:\/\/www.atbl.com.br\/site\/#website","url":"https:\/\/www.atbl.com.br\/site\/","name":"ATBL","description":"Artefatos T\u00e9cnicos de Borracha","publisher":{"@id":"https:\/\/www.atbl.com.br\/site\/#organization"},"potentialAction":[{"@type":"SearchAction","target":{"@type":"EntryPoint","urlTemplate":"https:\/\/www.atbl.com.br\/site\/?s={search_term_string}"},"query-input":{"@type":"PropertyValueSpecification","valueRequired":true,"valueName":"search_term_string"}}],"inLanguage":"pt-BR"},{"@type":"Organization","@id":"https:\/\/www.atbl.com.br\/site\/#organization","name":"ATBL","url":"https:\/\/www.atbl.com.br\/site\/","logo":{"@type":"ImageObject","inLanguage":"pt-BR","@id":"https:\/\/www.atbl.com.br\/site\/#\/schema\/logo\/image\/","url":"https:\/\/atbl.com.br\/wp-content\/uploads\/2021\/04\/logo-atbl-1.svg","contentUrl":"https:\/\/atbl.com.br\/wp-content\/uploads\/2021\/04\/logo-atbl-1.svg","width":"1024","height":"1024","caption":"ATBL"},"image":{"@id":"https:\/\/www.atbl.com.br\/site\/#\/schema\/logo\/image\/"},"sameAs":["https:\/\/www.facebook.com\/grupoatbl\/","https:\/\/www.instagram.com\/grupoatbl\/","https:\/\/linkedin.com\/company\/grupoatbl","https:\/\/www.youtube.com\/channel\/UC3g2rlxB1DQPl0SzXc6N-fQ"]}]}},"_links":{"self":[{"href":"https:\/\/www.atbl.com.br\/site\/wp-json\/wp\/v2\/pages\/12","targetHints":{"allow":["GET"]}}],"collection":[{"href":"https:\/\/www.atbl.com.br\/site\/wp-json\/wp\/v2\/pages"}],"about":[{"href":"https:\/\/www.atbl.com.br\/site\/wp-json\/wp\/v2\/types\/page"}],"author":[{"embeddable":true,"href":"https:\/\/www.atbl.com.br\/site\/wp-json\/wp\/v2\/users\/2"}],"replies":[{"embeddable":true,"href":"https:\/\/www.atbl.com.br\/site\/wp-json\/wp\/v2\/comments?post=12"}],"version-history":[{"count":5,"href":"https:\/\/www.atbl.com.br\/site\/wp-json\/wp\/v2\/pages\/12\/revisions"}],"predecessor-version":[{"id":1206,"href":"https:\/\/www.atbl.com.br\/site\/wp-json\/wp\/v2\/pages\/12\/revisions\/1206"}],"wp:featuredmedia":[{"embeddable":true,"href":"https:\/\/www.atbl.com.br\/site\/wp-json\/wp\/v2\/media\/603"}],"wp:attachment":[{"href":"https:\/\/www.atbl.com.br\/site\/wp-json\/wp\/v2\/media?parent=12"}],"curies":[{"name":"wp","href":"https:\/\/api.w.org\/{rel}","templated":true}]}}