{"id":352,"date":"2021-04-19T09:59:38","date_gmt":"2021-04-19T12:59:38","guid":{"rendered":"http:\/\/atbl1.hospedagemdesites.ws\/?page_id=352"},"modified":"2025-03-12T12:28:24","modified_gmt":"2025-03-12T15:28:24","slug":"conexoes","status":"publish","type":"page","link":"https:\/\/www.atbl.com.br\/site\/conexoes\/","title":{"rendered":"Conex\u00f5es"},"content":{"rendered":"<p>[et_pb_section fb_built=&#8221;1&#8243; custom_padding_last_edited=&#8221;on|tablet&#8221; _builder_version=&#8221;4.16&#8243; _module_preset=&#8221;default&#8221; background_color_gradient_direction=&#8221;90deg&#8221; background_enable_image=&#8221;off&#8221; custom_margin=&#8221;-130px||||false|false&#8221; custom_padding=&#8221;175px||2px||false|false&#8221; custom_padding_tablet=&#8221;150px||60px||false|false&#8221; custom_padding_phone=&#8221;150px||39px||false|false&#8221; bottom_divider_style_last_edited=&#8221;off|desktop&#8221; bottom_divider_height_tablet=&#8221;100px&#8221; bottom_divider_height_phone=&#8221;50px&#8221; bottom_divider_height_last_edited=&#8221;on|phone&#8221; bottom_divider_repeat_tablet=&#8221;&#8221; bottom_divider_repeat_phone=&#8221;&#8221; bottom_divider_repeat_last_edited=&#8221;on|phone&#8221; background_last_edited=&#8221;off|desktop&#8221; use_background_color_gradient_tablet=&#8221;off&#8221; use_background_color_gradient_phone=&#8221;on&#8221; background_color_gradient_stops_phone=&#8221;#2b87da 0%|rgba(255,255,255,0) 100%&#8221; background_color_gradient_end_phone=&#8221;rgba(255,255,255,0)&#8221; background_position_tablet=&#8221;center&#8221; background_position_phone=&#8221;center&#8221; background_blend_phone=&#8221;overlay&#8221; global_colors_info=&#8221;{}&#8221; custom_css_main_element_last_edited=&#8221;on|phone&#8221;][et_pb_row _builder_version=&#8221;4.16&#8243; _module_preset=&#8221;default&#8221; global_colors_info=&#8221;{}&#8221;][et_pb_column type=&#8221;4_4&#8243; _builder_version=&#8221;4.16&#8243; _module_preset=&#8221;default&#8221; global_colors_info=&#8221;{}&#8221;][et_pb_text _builder_version=&#8221;4.27.4&#8243; _module_preset=&#8221;default&#8221; text_font=&#8221;|700|||||||&#8221; text_text_color=&#8221;#22215a&#8221; text_font_size=&#8221;30px&#8221; text_line_height=&#8221;1.1em&#8221; text_text_shadow_style=&#8221;preset1&#8243; text_text_shadow_color=&#8221;#FFFFFF&#8221; global_colors_info=&#8221;{}&#8221;]<\/p>\n<p>CONEX\u00d5ES<\/p>\n<p>[\/et_pb_text][et_pb_divider color=&#8221;#01afec&#8221; divider_weight=&#8221;2px&#8221; _builder_version=&#8221;4.16&#8243; _module_preset=&#8221;default&#8221; max_width=&#8221;100px&#8221; global_colors_info=&#8221;{}&#8221;][\/et_pb_divider][\/et_pb_column][\/et_pb_row][et_pb_row column_structure=&#8221;2_5,3_5&#8243; custom_padding_last_edited=&#8221;on|tablet&#8221; _builder_version=&#8221;4.16&#8243; _module_preset=&#8221;default&#8221; custom_padding=&#8221;||||false|false&#8221; custom_padding_tablet=&#8221;0px||0px||false|false&#8221; custom_padding_phone=&#8221;&#8221; global_colors_info=&#8221;{}&#8221;][et_pb_column type=&#8221;2_5&#8243; _builder_version=&#8221;4.16&#8243; _module_preset=&#8221;default&#8221; global_colors_info=&#8221;{}&#8221;][et_pb_image src=&#8221;https:\/\/www.atbl.com.br\/site\/wp-content\/uploads\/2021\/04\/CONEXOES-BAIXA-PRESSAO-1.png&#8221; title_text=&#8221;CONEXOES-BAIXA-PRESSAO-1&#8243; _builder_version=&#8221;4.16&#8243; _module_preset=&#8221;default&#8221; global_colors_info=&#8221;{}&#8221;][\/et_pb_image][\/et_pb_column][et_pb_column type=&#8221;3_5&#8243; _builder_version=&#8221;4.16&#8243; _module_preset=&#8221;default&#8221; global_colors_info=&#8221;{}&#8221;][et_pb_text _builder_version=&#8221;4.27.4&#8243; _module_preset=&#8221;default&#8221; text_font=&#8221;|600|||||||&#8221; text_text_color=&#8221;#22215a&#8221; text_font_size=&#8221;24px&#8221; header_font=&#8221;|600|||||||&#8221; global_colors_info=&#8221;{}&#8221;]<\/p>\n<p>CONEX\u00d5ES<\/p>\n<p>[\/et_pb_text][et_pb_text _builder_version=&#8221;4.27.4&#8243; _module_preset=&#8221;default&#8221; global_colors_info=&#8221;{}&#8221;]<\/p>\n<p>Aqui na ATBL fornecemos ao mercado conex\u00f5es para aplica\u00e7\u00f5es diversas de ar, \u00e1gua ou qualquer outro produto que seja utiliz\u00e1vel, produzidos em lat\u00e3o, a\u00e7o galvanizado ou a\u00e7o inox. Trabalhamos com os melhores fabricantes, como Brasfit, Tupy, Lubefer, entre outros, garantindo a melhor qualidade e variedade para atender clientes de todos os portes.<\/p>\n<p>[\/et_pb_text][\/et_pb_column][\/et_pb_row][\/et_pb_section][et_pb_section fb_built=&#8221;1&#8243; _builder_version=&#8221;4.16&#8243; _module_preset=&#8221;default&#8221; custom_padding=&#8221;0px||6px|||&#8221; custom_css_main_element=&#8221;clear: right;&#8221; global_colors_info=&#8221;{}&#8221;][et_pb_row column_structure=&#8221;1_4,3_4&#8243; use_custom_gutter=&#8221;on&#8221; gutter_width=&#8221;2&#8243; _builder_version=&#8221;4.16&#8243; _module_preset=&#8221;default&#8221; global_colors_info=&#8221;{}&#8221;][et_pb_column type=&#8221;1_4&#8243; _builder_version=&#8221;4.16&#8243; _module_preset=&#8221;default&#8221; global_colors_info=&#8221;{}&#8221;][et_pb_blurb title=&#8221;Parceiros&#8221; use_icon=&#8221;on&#8221; font_icon=&#8221;&#x5e;||divi||400&#8243; icon_color=&#8221;#01afec&#8221; icon_placement=&#8221;left&#8221; image_icon_width=&#8221;14px&#8221; content_max_width=&#8221;100%&#8221; _builder_version=&#8221;4.16&#8243; _module_preset=&#8221;default&#8221; header_font=&#8221;|||on|||||&#8221; header_text_color=&#8221;rgba(0,0,0,0.5)&#8221; header_font_size=&#8221;14px&#8221; header_letter_spacing=&#8221;0.6px&#8221; custom_margin=&#8221;||10px||false|false&#8221; custom_css_blurb_title=&#8221;margin-left: -25px;&#8221; icon_font_size=&#8221;14px&#8221; global_colors_info=&#8221;{}&#8221;][\/et_pb_blurb][et_pb_text _builder_version=&#8221;4.16&#8243; _module_preset=&#8221;default&#8221; text_font=&#8221;|700|||||||&#8221; text_text_color=&#8221;#22215a&#8221; text_font_size=&#8221;21px&#8221; text_line_height=&#8221;1.1em&#8221; custom_margin=&#8221;||||false|false&#8221; global_colors_info=&#8221;{}&#8221;]Distribuidor<br \/>\nAutorizado[\/et_pb_text][\/et_pb_column][et_pb_column type=&#8221;3_4&#8243; _builder_version=&#8221;4.16&#8243; _module_preset=&#8221;default&#8221; global_colors_info=&#8221;{}&#8221;][et_pb_text _builder_version=&#8221;4.16&#8243; _module_preset=&#8221;default&#8221; custom_margin=&#8221;-20px||||false|false&#8221; global_colors_info=&#8221;{}&#8221;]<\/p>\n<p>[logoshowcase cat_id=&#8221;8&#8243; dots=&#8221;false&#8221;]<\/p>\n<p>[\/et_pb_text][\/et_pb_column][\/et_pb_row][\/et_pb_section][et_pb_section fb_built=&#8221;1&#8243; custom_padding_last_edited=&#8221;on|tablet&#8221; _builder_version=&#8221;4.16&#8243; _module_preset=&#8221;default&#8221; background_image=&#8221;https:\/\/www.atbl.com.br\/site\/wp-content\/uploads\/2021\/04\/img-rodape.jpg&#8221; background_position=&#8221;bottom_center&#8221; custom_margin=&#8221;||-30px||false|false&#8221; custom_margin_tablet=&#8221;-70px||-30px||false|false&#8221; custom_margin_phone=&#8221;&#8221; custom_margin_last_edited=&#8221;on|tablet&#8221; custom_padding=&#8221;300px||||false|false&#8221; custom_padding_tablet=&#8221;160px||||false|false&#8221; custom_padding_phone=&#8221;&#8221; top_divider_style=&#8221;waves2&#8243; top_divider_color=&#8221;#FFFFFF&#8221; top_divider_flip=&#8221;vertical&#8221; global_colors_info=&#8221;{}&#8221;][et_pb_row _builder_version=&#8221;4.16&#8243; _module_preset=&#8221;default&#8221; global_colors_info=&#8221;{}&#8221;][et_pb_column type=&#8221;4_4&#8243; _builder_version=&#8221;4.16&#8243; _module_preset=&#8221;default&#8221; global_colors_info=&#8221;{}&#8221;][et_pb_divider show_divider=&#8221;off&#8221; _builder_version=&#8221;4.16&#8243; _module_preset=&#8221;default&#8221; global_colors_info=&#8221;{}&#8221;][\/et_pb_divider][\/et_pb_column][\/et_pb_row][\/et_pb_section]<\/p>\n","protected":false},"excerpt":{"rendered":"<p>Aqui na ATBL fornecemos ao mercado conex\u00f5es para aplica\u00e7\u00f5es diversas de ar, \u00e1gua ou qualquer outro produto que seja utiliz\u00e1vel, produzidos em lat\u00e3o, a\u00e7o galvanizado ou a\u00e7o inox. Trabalhamos com os melhores fabricantes, como Brasfit, Tupy, Lubefer, entre outros, garantindo a melhor qualidade e variedade para atender clientes de todos os portes.<\/p>\n","protected":false},"author":2,"featured_media":392,"parent":0,"menu_order":0,"comment_status":"closed","ping_status":"closed","template":"","meta":{"_et_pb_use_builder":"on","_et_pb_old_content":"","_et_gb_content_width":"","inline_featured_image":false,"footnotes":""},"class_list":["post-352","page","type-page","status-publish","has-post-thumbnail","hentry"],"yoast_head":"<!-- This site is optimized with the Yoast SEO plugin v25.0 - https:\/\/yoast.com\/wordpress\/plugins\/seo\/ -->\n<title>Conex\u00f5es - ATBL<\/title>\n<meta name=\"robots\" content=\"index, follow, max-snippet:-1, max-image-preview:large, max-video-preview:-1\" \/>\n<link rel=\"canonical\" href=\"https:\/\/www.atbl.com.br\/site\/conexoes\/\" \/>\n<meta property=\"og:locale\" content=\"pt_BR\" \/>\n<meta property=\"og:type\" content=\"article\" \/>\n<meta property=\"og:title\" content=\"Conex\u00f5es - ATBL\" \/>\n<meta property=\"og:description\" content=\"Aqui na ATBL fornecemos ao mercado conex\u00f5es para aplica\u00e7\u00f5es diversas de ar, \u00e1gua ou qualquer outro produto que seja utiliz\u00e1vel, produzidos em lat\u00e3o, a\u00e7o galvanizado ou a\u00e7o inox. Trabalhamos com os melhores fabricantes, como Brasfit, Tupy, Lubefer, entre outros, garantindo a melhor qualidade e variedade para atender clientes de todos os portes.\" \/>\n<meta property=\"og:url\" content=\"https:\/\/www.atbl.com.br\/site\/conexoes\/\" \/>\n<meta property=\"og:site_name\" content=\"ATBL\" \/>\n<meta property=\"article:publisher\" content=\"https:\/\/www.facebook.com\/grupoatbl\/\" \/>\n<meta property=\"article:modified_time\" content=\"2025-03-12T15:28:24+00:00\" \/>\n<meta property=\"og:image\" content=\"https:\/\/www.atbl.com.br\/site\/wp-content\/uploads\/2021\/04\/CONEXOES-BAIXA-PRESSAO-1.png\" \/>\n\t<meta property=\"og:image:width\" content=\"300\" \/>\n\t<meta property=\"og:image:height\" content=\"300\" \/>\n\t<meta property=\"og:image:type\" content=\"image\/png\" \/>\n<meta name=\"twitter:card\" content=\"summary_large_image\" \/>\n<meta name=\"twitter:label1\" content=\"Est. tempo de leitura\" \/>\n\t<meta name=\"twitter:data1\" content=\"4 minutos\" \/>\n<script type=\"application\/ld+json\" class=\"yoast-schema-graph\">{\"@context\":\"https:\/\/schema.org\",\"@graph\":[{\"@type\":\"WebPage\",\"@id\":\"https:\/\/www.atbl.com.br\/site\/conexoes\/\",\"url\":\"https:\/\/www.atbl.com.br\/site\/conexoes\/\",\"name\":\"Conex\u00f5es - ATBL\",\"isPartOf\":{\"@id\":\"https:\/\/www.atbl.com.br\/site\/#website\"},\"primaryImageOfPage\":{\"@id\":\"https:\/\/www.atbl.com.br\/site\/conexoes\/#primaryimage\"},\"image\":{\"@id\":\"https:\/\/www.atbl.com.br\/site\/conexoes\/#primaryimage\"},\"thumbnailUrl\":\"https:\/\/www.atbl.com.br\/site\/wp-content\/uploads\/2021\/04\/CONEXOES-BAIXA-PRESSAO-1.png\",\"datePublished\":\"2021-04-19T12:59:38+00:00\",\"dateModified\":\"2025-03-12T15:28:24+00:00\",\"breadcrumb\":{\"@id\":\"https:\/\/www.atbl.com.br\/site\/conexoes\/#breadcrumb\"},\"inLanguage\":\"pt-BR\",\"potentialAction\":[{\"@type\":\"ReadAction\",\"target\":[\"https:\/\/www.atbl.com.br\/site\/conexoes\/\"]}]},{\"@type\":\"ImageObject\",\"inLanguage\":\"pt-BR\",\"@id\":\"https:\/\/www.atbl.com.br\/site\/conexoes\/#primaryimage\",\"url\":\"https:\/\/www.atbl.com.br\/site\/wp-content\/uploads\/2021\/04\/CONEXOES-BAIXA-PRESSAO-1.png\",\"contentUrl\":\"https:\/\/www.atbl.com.br\/site\/wp-content\/uploads\/2021\/04\/CONEXOES-BAIXA-PRESSAO-1.png\",\"width\":300,\"height\":300},{\"@type\":\"BreadcrumbList\",\"@id\":\"https:\/\/www.atbl.com.br\/site\/conexoes\/#breadcrumb\",\"itemListElement\":[{\"@type\":\"ListItem\",\"position\":1,\"name\":\"In\u00edcio\",\"item\":\"https:\/\/www.atbl.com.br\/site\/\"},{\"@type\":\"ListItem\",\"position\":2,\"name\":\"Conex\u00f5es\"}]},{\"@type\":\"WebSite\",\"@id\":\"https:\/\/www.atbl.com.br\/site\/#website\",\"url\":\"https:\/\/www.atbl.com.br\/site\/\",\"name\":\"ATBL\",\"description\":\"Artefatos T\u00e9cnicos de Borracha\",\"publisher\":{\"@id\":\"https:\/\/www.atbl.com.br\/site\/#organization\"},\"potentialAction\":[{\"@type\":\"SearchAction\",\"target\":{\"@type\":\"EntryPoint\",\"urlTemplate\":\"https:\/\/www.atbl.com.br\/site\/?s={search_term_string}\"},\"query-input\":{\"@type\":\"PropertyValueSpecification\",\"valueRequired\":true,\"valueName\":\"search_term_string\"}}],\"inLanguage\":\"pt-BR\"},{\"@type\":\"Organization\",\"@id\":\"https:\/\/www.atbl.com.br\/site\/#organization\",\"name\":\"ATBL\",\"url\":\"https:\/\/www.atbl.com.br\/site\/\",\"logo\":{\"@type\":\"ImageObject\",\"inLanguage\":\"pt-BR\",\"@id\":\"https:\/\/www.atbl.com.br\/site\/#\/schema\/logo\/image\/\",\"url\":\"https:\/\/atbl.com.br\/wp-content\/uploads\/2021\/04\/logo-atbl-1.svg\",\"contentUrl\":\"https:\/\/atbl.com.br\/wp-content\/uploads\/2021\/04\/logo-atbl-1.svg\",\"width\":\"1024\",\"height\":\"1024\",\"caption\":\"ATBL\"},\"image\":{\"@id\":\"https:\/\/www.atbl.com.br\/site\/#\/schema\/logo\/image\/\"},\"sameAs\":[\"https:\/\/www.facebook.com\/grupoatbl\/\",\"https:\/\/www.instagram.com\/grupoatbl\/\",\"https:\/\/linkedin.com\/company\/grupoatbl\",\"https:\/\/www.youtube.com\/channel\/UC3g2rlxB1DQPl0SzXc6N-fQ\"]}]}<\/script>\n<!-- \/ Yoast SEO plugin. -->","yoast_head_json":{"title":"Conex\u00f5es - ATBL","robots":{"index":"index","follow":"follow","max-snippet":"max-snippet:-1","max-image-preview":"max-image-preview:large","max-video-preview":"max-video-preview:-1"},"canonical":"https:\/\/www.atbl.com.br\/site\/conexoes\/","og_locale":"pt_BR","og_type":"article","og_title":"Conex\u00f5es - ATBL","og_description":"Aqui na ATBL fornecemos ao mercado conex\u00f5es para aplica\u00e7\u00f5es diversas de ar, \u00e1gua ou qualquer outro produto que seja utiliz\u00e1vel, produzidos em lat\u00e3o, a\u00e7o galvanizado ou a\u00e7o inox. Trabalhamos com os melhores fabricantes, como Brasfit, Tupy, Lubefer, entre outros, garantindo a melhor qualidade e variedade para atender clientes de todos os portes.","og_url":"https:\/\/www.atbl.com.br\/site\/conexoes\/","og_site_name":"ATBL","article_publisher":"https:\/\/www.facebook.com\/grupoatbl\/","article_modified_time":"2025-03-12T15:28:24+00:00","og_image":[{"width":300,"height":300,"url":"https:\/\/www.atbl.com.br\/site\/wp-content\/uploads\/2021\/04\/CONEXOES-BAIXA-PRESSAO-1.png","type":"image\/png"}],"twitter_card":"summary_large_image","twitter_misc":{"Est. tempo de leitura":"4 minutos"},"schema":{"@context":"https:\/\/schema.org","@graph":[{"@type":"WebPage","@id":"https:\/\/www.atbl.com.br\/site\/conexoes\/","url":"https:\/\/www.atbl.com.br\/site\/conexoes\/","name":"Conex\u00f5es - ATBL","isPartOf":{"@id":"https:\/\/www.atbl.com.br\/site\/#website"},"primaryImageOfPage":{"@id":"https:\/\/www.atbl.com.br\/site\/conexoes\/#primaryimage"},"image":{"@id":"https:\/\/www.atbl.com.br\/site\/conexoes\/#primaryimage"},"thumbnailUrl":"https:\/\/www.atbl.com.br\/site\/wp-content\/uploads\/2021\/04\/CONEXOES-BAIXA-PRESSAO-1.png","datePublished":"2021-04-19T12:59:38+00:00","dateModified":"2025-03-12T15:28:24+00:00","breadcrumb":{"@id":"https:\/\/www.atbl.com.br\/site\/conexoes\/#breadcrumb"},"inLanguage":"pt-BR","potentialAction":[{"@type":"ReadAction","target":["https:\/\/www.atbl.com.br\/site\/conexoes\/"]}]},{"@type":"ImageObject","inLanguage":"pt-BR","@id":"https:\/\/www.atbl.com.br\/site\/conexoes\/#primaryimage","url":"https:\/\/www.atbl.com.br\/site\/wp-content\/uploads\/2021\/04\/CONEXOES-BAIXA-PRESSAO-1.png","contentUrl":"https:\/\/www.atbl.com.br\/site\/wp-content\/uploads\/2021\/04\/CONEXOES-BAIXA-PRESSAO-1.png","width":300,"height":300},{"@type":"BreadcrumbList","@id":"https:\/\/www.atbl.com.br\/site\/conexoes\/#breadcrumb","itemListElement":[{"@type":"ListItem","position":1,"name":"In\u00edcio","item":"https:\/\/www.atbl.com.br\/site\/"},{"@type":"ListItem","position":2,"name":"Conex\u00f5es"}]},{"@type":"WebSite","@id":"https:\/\/www.atbl.com.br\/site\/#website","url":"https:\/\/www.atbl.com.br\/site\/","name":"ATBL","description":"Artefatos T\u00e9cnicos de Borracha","publisher":{"@id":"https:\/\/www.atbl.com.br\/site\/#organization"},"potentialAction":[{"@type":"SearchAction","target":{"@type":"EntryPoint","urlTemplate":"https:\/\/www.atbl.com.br\/site\/?s={search_term_string}"},"query-input":{"@type":"PropertyValueSpecification","valueRequired":true,"valueName":"search_term_string"}}],"inLanguage":"pt-BR"},{"@type":"Organization","@id":"https:\/\/www.atbl.com.br\/site\/#organization","name":"ATBL","url":"https:\/\/www.atbl.com.br\/site\/","logo":{"@type":"ImageObject","inLanguage":"pt-BR","@id":"https:\/\/www.atbl.com.br\/site\/#\/schema\/logo\/image\/","url":"https:\/\/atbl.com.br\/wp-content\/uploads\/2021\/04\/logo-atbl-1.svg","contentUrl":"https:\/\/atbl.com.br\/wp-content\/uploads\/2021\/04\/logo-atbl-1.svg","width":"1024","height":"1024","caption":"ATBL"},"image":{"@id":"https:\/\/www.atbl.com.br\/site\/#\/schema\/logo\/image\/"},"sameAs":["https:\/\/www.facebook.com\/grupoatbl\/","https:\/\/www.instagram.com\/grupoatbl\/","https:\/\/linkedin.com\/company\/grupoatbl","https:\/\/www.youtube.com\/channel\/UC3g2rlxB1DQPl0SzXc6N-fQ"]}]}},"_links":{"self":[{"href":"https:\/\/www.atbl.com.br\/site\/wp-json\/wp\/v2\/pages\/352","targetHints":{"allow":["GET"]}}],"collection":[{"href":"https:\/\/www.atbl.com.br\/site\/wp-json\/wp\/v2\/pages"}],"about":[{"href":"https:\/\/www.atbl.com.br\/site\/wp-json\/wp\/v2\/types\/page"}],"author":[{"embeddable":true,"href":"https:\/\/www.atbl.com.br\/site\/wp-json\/wp\/v2\/users\/2"}],"replies":[{"embeddable":true,"href":"https:\/\/www.atbl.com.br\/site\/wp-json\/wp\/v2\/comments?post=352"}],"version-history":[{"count":4,"href":"https:\/\/www.atbl.com.br\/site\/wp-json\/wp\/v2\/pages\/352\/revisions"}],"predecessor-version":[{"id":1188,"href":"https:\/\/www.atbl.com.br\/site\/wp-json\/wp\/v2\/pages\/352\/revisions\/1188"}],"wp:featuredmedia":[{"embeddable":true,"href":"https:\/\/www.atbl.com.br\/site\/wp-json\/wp\/v2\/media\/392"}],"wp:attachment":[{"href":"https:\/\/www.atbl.com.br\/site\/wp-json\/wp\/v2\/media?parent=352"}],"curies":[{"name":"wp","href":"https:\/\/api.w.org\/{rel}","templated":true}]}}